{"id":4457,"date":"2025-05-15T03:01:17","date_gmt":"2025-05-15T03:01:17","guid":{"rendered":"https:\/\/laroyale.com\/404-page\/"},"modified":"2025-10-27T04:35:08","modified_gmt":"2025-10-27T04:35:08","slug":"404-page","status":"publish","type":"page","link":"https:\/\/laroyale.com\/fr\/404-page\/","title":{"rendered":"404 Page"},"content":{"rendered":"\t\t<div data-elementor-type=\"wp-page\" data-elementor-id=\"4457\" class=\"elementor elementor-4457 elementor-4431\">\n\t\t\t\t<div class=\"wd-negative-gap elementor-element elementor-element-d6790ab wd-section-stretch e-flex e-con-boxed e-con e-parent\" data-id=\"d6790ab\" data-element_type=\"container\" data-e-type=\"container\" data-settings=\"{&quot;background_background&quot;:&quot;classic&quot;}\">\n\t\t\t\t\t<div class=\"e-con-inner\">\n\t\t\t\t\t<\/div>\n\t\t\t\t<\/div>\n\t\t\t\t<section class=\"wd-negative-gap elementor-section elementor-top-section elementor-element elementor-element-17b573c7 elementor-section-boxed elementor-section-height-default elementor-section-height-default\" data-id=\"17b573c7\" data-element_type=\"section\" data-e-type=\"section\">\n\t\t\t\t\t\t<div class=\"elementor-container elementor-column-gap-default\">\n\t\t\t\t\t<div class=\"elementor-column elementor-col-16 elementor-top-column elementor-element elementor-element-60090b88 elementor-hidden-phone\" data-id=\"60090b88\" data-element_type=\"column\" data-e-type=\"column\">\n\t\t\t<div class=\"elementor-widget-wrap\">\n\t\t\t\t\t\t\t<\/div>\n\t\t<\/div>\n\t\t\t\t<div class=\"elementor-column elementor-col-66 elementor-top-column elementor-element elementor-element-7caf2ad7\" data-id=\"7caf2ad7\" data-element_type=\"column\" data-e-type=\"column\">\n\t\t\t<div class=\"elementor-widget-wrap elementor-element-populated\">\n\t\t\t\t\t\t<div class=\"elementor-element elementor-element-3a7e6469 wd-width-100 elementor-widget elementor-widget-wd_title\" data-id=\"3a7e6469\" data-element_type=\"widget\" data-e-type=\"widget\" data-widget_type=\"wd_title.default\">\n\t\t\t\t<div class=\"elementor-widget-container\">\n\t\t\t\t\t\t\t<div class=\"title-wrapper wd-set-mb reset-last-child wd-title-color-default wd-title-style-default wd-title-size-default text-center\">\n\n\t\t\t\n\t\t\t<div class=\"liner-continer\">\n\t\t\t\t<h4 class=\"woodmart-title-container title wd-fontsize-l\">PAGE NON TROUV\u00c9E<\/h4> \n\t\t\t\t\t\t\t<\/div>\n\n\t\t\t\t\t\t\t<div class=\"title-after_title reset-last-child wd-fontsize-xs\">\n\t\t\t\t\t<p>La page que vous recherchez n\u2019existe pas ou a \u00e9t\u00e9 d\u00e9plac\u00e9e.<\/p>\t\t\t\t<\/div>\n\t\t\t\t\t<\/div>\n\t\t\t\t\t\t<\/div>\n\t\t\t\t<\/div>\n\t\t\t\t<div class=\"elementor-element elementor-element-7ab840ad elementor-widget__width-auto elementor-widget elementor-widget-wd_button\" data-id=\"7ab840ad\" data-element_type=\"widget\" data-e-type=\"widget\" data-widget_type=\"wd_button.default\">\n\t\t\t\t<div class=\"elementor-widget-container\">\n\t\t\t\t\t\t\t<div class=\"wd-button-wrapper text-center\" >\n\t\t\t<a class=\"btn btn-style-default btn-shape-rectangle btn-size-default btn-color-primary btn-icon-pos-right\"  href=\"https:\/\/laroyale.com\/fr\/\">\n\t\t\t\t<span class=\"wd-btn-text\" data-elementor-setting-key=\"text\">\n\t\t\t\t\tPAGE D&#039;ACCUEIL\t\t\t\t<\/span>\n\n\t\t\t\t\t\t\t<\/a>\n\t\t<\/div>\n\t\t\t\t\t\t<\/div>\n\t\t\t\t<\/div>\n\t\t\t\t<div class=\"elementor-element elementor-element-72674a9 elementor-widget__width-auto elementor-widget elementor-widget-wd_button\" data-id=\"72674a9\" data-element_type=\"widget\" data-e-type=\"widget\" data-widget_type=\"wd_button.default\">\n\t\t\t\t<div class=\"elementor-widget-container\">\n\t\t\t\t\t\t\t<div class=\"wd-button-wrapper text-center\" >\n\t\t\t<a class=\"btn btn-style-bordered btn-shape-rectangle btn-size-default btn-color-primary btn-icon-pos-right\"  href=\"https:\/\/laroyale.com\/fr\/contactez\/\">\n\t\t\t\t<span class=\"wd-btn-text\" data-elementor-setting-key=\"text\">\n\t\t\t\t\tContactez-nous\t\t\t\t<\/span>\n\n\t\t\t\t\t\t\t<\/a>\n\t\t<\/div>\n\t\t\t\t\t\t<\/div>\n\t\t\t\t<\/div>\n\t\t\t\t\t<\/div>\n\t\t<\/div>\n\t\t\t\t<div class=\"elementor-column elementor-col-16 elementor-top-column elementor-element elementor-element-47a8195e elementor-hidden-phone\" data-id=\"47a8195e\" data-element_type=\"column\" data-e-type=\"column\">\n\t\t\t<div class=\"elementor-widget-wrap\">\n\t\t\t\t\t\t\t<\/div>\n\t\t<\/div>\n\t\t\t\t\t<\/div>\n\t\t<\/section>\n\t\t\t\t<\/div>\n\t\t","protected":false},"excerpt":{"rendered":"<p>PAGE NON TROUV\u00c9E La page que vous recherchez n\u2019existe pas ou a \u00e9t\u00e9 d\u00e9plac\u00e9e. PAGE D&#039;ACCUEIL Contactez-nous<\/p>\n","protected":false},"author":1,"featured_media":0,"parent":0,"menu_order":0,"comment_status":"closed","ping_status":"closed","template":"","meta":{"footnotes":""},"class_list":["post-4457","page","type-page","status-publish","hentry"],"yoast_head":"<!-- This site is optimized with the Yoast SEO Premium plugin v26.8 (Yoast SEO v26.8) - https:\/\/yoast.com\/product\/yoast-seo-premium-wordpress\/ -->\n<title>La Royale Group - 404 Page<\/title>\n<meta name=\"robots\" content=\"index, follow, max-snippet:-1, max-image-preview:large, max-video-preview:-1\" \/>\n<link rel=\"canonical\" href=\"https:\/\/laroyale.com\/fr\/404-page\/\" \/>\n<meta property=\"og:locale\" content=\"fr_FR\" \/>\n<meta property=\"og:type\" content=\"article\" \/>\n<meta property=\"og:title\" content=\"404 Page\" \/>\n<meta property=\"og:description\" content=\"PAGE NON TROUV\u00c9E La page que vous recherchez n\u2019existe pas ou a \u00e9t\u00e9 d\u00e9plac\u00e9e. PAGE D&#039;ACCUEIL Contactez-nous\" \/>\n<meta property=\"og:url\" content=\"https:\/\/laroyale.com\/fr\/404-page\/\" \/>\n<meta property=\"og:site_name\" content=\"La Royale Group\" \/>\n<meta property=\"article:modified_time\" content=\"2025-10-27T04:35:08+00:00\" \/>\n<meta name=\"twitter:card\" content=\"summary_large_image\" \/>\n<script type=\"application\/ld+json\" class=\"yoast-schema-graph\">{\"@context\":\"https:\/\/schema.org\",\"@graph\":[{\"@type\":\"WebPage\",\"@id\":\"https:\/\/laroyale.com\/fr\/404-page\/\",\"url\":\"https:\/\/laroyale.com\/fr\/404-page\/\",\"name\":\"La Royale Group - 404 Page\",\"isPartOf\":{\"@id\":\"https:\/\/laroyale.com\/fr\/#website\"},\"datePublished\":\"2025-05-15T03:01:17+00:00\",\"dateModified\":\"2025-10-27T04:35:08+00:00\",\"breadcrumb\":{\"@id\":\"https:\/\/laroyale.com\/fr\/404-page\/#breadcrumb\"},\"inLanguage\":\"fr-FR\",\"potentialAction\":[{\"@type\":\"ReadAction\",\"target\":[\"https:\/\/laroyale.com\/fr\/404-page\/\"]}]},{\"@type\":\"BreadcrumbList\",\"@id\":\"https:\/\/laroyale.com\/fr\/404-page\/#breadcrumb\",\"itemListElement\":[{\"@type\":\"ListItem\",\"position\":1,\"name\":\"Home\",\"item\":\"https:\/\/laroyale.com\/fr\/maison\/\"},{\"@type\":\"ListItem\",\"position\":2,\"name\":\"404 Page\"}]},{\"@type\":\"WebSite\",\"@id\":\"https:\/\/laroyale.com\/fr\/#website\",\"url\":\"https:\/\/laroyale.com\/fr\/\",\"name\":\"La Royale Group\",\"description\":\"Propulser la croissance pour l'avenir\",\"publisher\":{\"@id\":\"https:\/\/laroyale.com\/fr\/#organization\"},\"potentialAction\":[{\"@type\":\"SearchAction\",\"target\":{\"@type\":\"EntryPoint\",\"urlTemplate\":\"https:\/\/laroyale.com\/fr\/?s={search_term_string}\"},\"query-input\":{\"@type\":\"PropertyValueSpecification\",\"valueRequired\":true,\"valueName\":\"search_term_string\"}}],\"inLanguage\":\"fr-FR\"},{\"@type\":\"Organization\",\"@id\":\"https:\/\/laroyale.com\/fr\/#organization\",\"name\":\"La Royale Group\",\"url\":\"https:\/\/laroyale.com\/fr\/\",\"logo\":{\"@type\":\"ImageObject\",\"inLanguage\":\"fr-FR\",\"@id\":\"https:\/\/laroyale.com\/fr\/#\/schema\/logo\/image\/\",\"url\":\"https:\/\/laroyale.com\/wp-content\/uploads\/2025\/07\/LRG-logo-white-square-2.webp\",\"contentUrl\":\"https:\/\/laroyale.com\/wp-content\/uploads\/2025\/07\/LRG-logo-white-square-2.webp\",\"width\":1000,\"height\":1000,\"caption\":\"La Royale Group\"},\"image\":{\"@id\":\"https:\/\/laroyale.com\/fr\/#\/schema\/logo\/image\/\"},\"sameAs\":[\"https:\/\/mt.linkedin.com\/company\/la-royale-group\"]}]}<\/script>\n<!-- \/ Yoast SEO Premium plugin. -->","yoast_head_json":{"title":"La Royale Group - 404 Page","robots":{"index":"index","follow":"follow","max-snippet":"max-snippet:-1","max-image-preview":"max-image-preview:large","max-video-preview":"max-video-preview:-1"},"canonical":"https:\/\/laroyale.com\/fr\/404-page\/","og_locale":"fr_FR","og_type":"article","og_title":"404 Page","og_description":"PAGE NON TROUV\u00c9E La page que vous recherchez n\u2019existe pas ou a \u00e9t\u00e9 d\u00e9plac\u00e9e. PAGE D&#039;ACCUEIL Contactez-nous","og_url":"https:\/\/laroyale.com\/fr\/404-page\/","og_site_name":"La Royale Group","article_modified_time":"2025-10-27T04:35:08+00:00","twitter_card":"summary_large_image","schema":{"@context":"https:\/\/schema.org","@graph":[{"@type":"WebPage","@id":"https:\/\/laroyale.com\/fr\/404-page\/","url":"https:\/\/laroyale.com\/fr\/404-page\/","name":"La Royale Group - 404 Page","isPartOf":{"@id":"https:\/\/laroyale.com\/fr\/#website"},"datePublished":"2025-05-15T03:01:17+00:00","dateModified":"2025-10-27T04:35:08+00:00","breadcrumb":{"@id":"https:\/\/laroyale.com\/fr\/404-page\/#breadcrumb"},"inLanguage":"fr-FR","potentialAction":[{"@type":"ReadAction","target":["https:\/\/laroyale.com\/fr\/404-page\/"]}]},{"@type":"BreadcrumbList","@id":"https:\/\/laroyale.com\/fr\/404-page\/#breadcrumb","itemListElement":[{"@type":"ListItem","position":1,"name":"Home","item":"https:\/\/laroyale.com\/fr\/maison\/"},{"@type":"ListItem","position":2,"name":"404 Page"}]},{"@type":"WebSite","@id":"https:\/\/laroyale.com\/fr\/#website","url":"https:\/\/laroyale.com\/fr\/","name":"La Royale Group","description":"Propulser la croissance pour l'avenir","publisher":{"@id":"https:\/\/laroyale.com\/fr\/#organization"},"potentialAction":[{"@type":"SearchAction","target":{"@type":"EntryPoint","urlTemplate":"https:\/\/laroyale.com\/fr\/?s={search_term_string}"},"query-input":{"@type":"PropertyValueSpecification","valueRequired":true,"valueName":"search_term_string"}}],"inLanguage":"fr-FR"},{"@type":"Organization","@id":"https:\/\/laroyale.com\/fr\/#organization","name":"La Royale Group","url":"https:\/\/laroyale.com\/fr\/","logo":{"@type":"ImageObject","inLanguage":"fr-FR","@id":"https:\/\/laroyale.com\/fr\/#\/schema\/logo\/image\/","url":"https:\/\/laroyale.com\/wp-content\/uploads\/2025\/07\/LRG-logo-white-square-2.webp","contentUrl":"https:\/\/laroyale.com\/wp-content\/uploads\/2025\/07\/LRG-logo-white-square-2.webp","width":1000,"height":1000,"caption":"La Royale Group"},"image":{"@id":"https:\/\/laroyale.com\/fr\/#\/schema\/logo\/image\/"},"sameAs":["https:\/\/mt.linkedin.com\/company\/la-royale-group"]}]}},"_links":{"self":[{"href":"https:\/\/laroyale.com\/fr\/wp-json\/wp\/v2\/pages\/4457","targetHints":{"allow":["GET"]}}],"collection":[{"href":"https:\/\/laroyale.com\/fr\/wp-json\/wp\/v2\/pages"}],"about":[{"href":"https:\/\/laroyale.com\/fr\/wp-json\/wp\/v2\/types\/page"}],"author":[{"embeddable":true,"href":"https:\/\/laroyale.com\/fr\/wp-json\/wp\/v2\/users\/1"}],"replies":[{"embeddable":true,"href":"https:\/\/laroyale.com\/fr\/wp-json\/wp\/v2\/comments?post=4457"}],"version-history":[{"count":5,"href":"https:\/\/laroyale.com\/fr\/wp-json\/wp\/v2\/pages\/4457\/revisions"}],"predecessor-version":[{"id":104793,"href":"https:\/\/laroyale.com\/fr\/wp-json\/wp\/v2\/pages\/4457\/revisions\/104793"}],"wp:attachment":[{"href":"https:\/\/laroyale.com\/fr\/wp-json\/wp\/v2\/media?parent=4457"}],"curies":[{"name":"wp","href":"https:\/\/api.w.org\/{rel}","templated":true}]}}