{"id":3924,"date":"2025-04-08T09:26:57","date_gmt":"2025-04-08T09:26:57","guid":{"rendered":"https:\/\/laroyale.com\/politique-en-matiere-de-cookies\/"},"modified":"2025-05-15T03:52:31","modified_gmt":"2025-05-15T03:52:31","slug":"politique-en-matiere-de-cookies","status":"publish","type":"page","link":"https:\/\/laroyale.com\/fr\/politique-en-matiere-de-cookies\/","title":{"rendered":"Politique en mati\u00e8re de cookies"},"content":{"rendered":"\t\t<div data-elementor-type=\"wp-page\" data-elementor-id=\"3924\" class=\"elementor elementor-3924 elementor-3\">\n\t\t\t\t<div class=\"wd-negative-gap elementor-element elementor-element-7fd7b0ef e-flex e-con-boxed e-con e-parent\" data-id=\"7fd7b0ef\" data-element_type=\"container\" data-e-type=\"container\">\n\t\t\t\t\t<div class=\"e-con-inner\">\n\t\t\t\t<div class=\"elementor-element elementor-element-f86b203 wd-width-100 elementor-widget elementor-widget-wd_title\" data-id=\"f86b203\" data-element_type=\"widget\" data-e-type=\"widget\" data-widget_type=\"wd_title.default\">\n\t\t\t\t<div class=\"elementor-widget-container\">\n\t\t\t\t\t\t\t<div class=\"title-wrapper wd-set-mb reset-last-child wd-title-color-default wd-title-style-default wd-title-size-default text-left\">\n\n\t\t\t\n\t\t\t<div class=\"liner-continer\">\n\t\t\t\t<h4 class=\"woodmart-title-container title wd-fontsize-l\"><\/h4> \n\t\t\t\t\t\t\t<\/div>\n\n\t\t\t\t\t\t\t<div class=\"title-after_title reset-last-child wd-fontsize-xs\">\n\t\t\t\t\t<p>When you visit our website <a href=\"https:\/\/laroyale.com\/fr\/\">http:\/\/www.laroyale.com<\/a>, some cookies or other tracking technologies may be stored on your device (computer, tablet or smartphone).<\/p><p>This Cookie Policy contains information on what cookies are, the type of cookies used by <strong>La Royale Group<\/strong> on the website <a href=\"https:\/\/laroyale.com\/fr\/\">http:\/\/www.laroyale.com<\/a> and the purpose of such use, and your choices regarding cookies.<\/p><p>This Cookie Policy should be read together with La Royale Group.<\/p>\t\t\t\t<\/div>\n\t\t\t\t\t<\/div>\n\t\t\t\t\t\t<\/div>\n\t\t\t\t<\/div>\n\t\t\t\t\t<\/div>\n\t\t\t\t<\/div>\n\t\t<div class=\"wd-negative-gap elementor-element elementor-element-a3dd263 e-flex e-con-boxed e-con e-parent\" data-id=\"a3dd263\" data-element_type=\"container\" data-e-type=\"container\">\n\t\t\t\t\t<div class=\"e-con-inner\">\n\t\t\t\t<div class=\"elementor-element elementor-element-a1367c8 wd-width-100 elementor-widget elementor-widget-wd_title\" data-id=\"a1367c8\" data-element_type=\"widget\" data-e-type=\"widget\" data-widget_type=\"wd_title.default\">\n\t\t\t\t<div class=\"elementor-widget-container\">\n\t\t\t\t\t\t\t<div class=\"title-wrapper wd-set-mb reset-last-child wd-title-color-default wd-title-style-default wd-title-size-default text-left\">\n\n\t\t\t\n\t\t\t<div class=\"liner-continer\">\n\t\t\t\t<h4 class=\"woodmart-title-container title wd-fontsize-l\">Que sont les cookies et autres technologies de suivi ?<\/h4> \n\t\t\t\t\t\t\t<\/div>\n\n\t\t\t\t\t\t\t<div class=\"title-after_title reset-last-child wd-fontsize-xs\">\n\t\t\t\t\t<p>Les cookies sont de petits fichiers texte qui contiennent une quantit\u00e9 de donn\u00e9es g\u00e9n\u00e9r\u00e9es lorsque vous naviguez sur un site web et qui sont install\u00e9s dans votre navigateur internet. Les cookies et autres technologies de suivi sont utilis\u00e9s pour surveiller votre activit\u00e9 sur un site web en nous permettant (par le biais de cookies de premi\u00e8re partie) ou en permettant \u00e0 des tiers (par le biais de cookies de tierce partie) de collecter des informations sur la mani\u00e8re dont vous utilisez le site web et d'am\u00e9liorer son fonctionnement ainsi que votre visite sur notre site web. Il existe deux types de cookies : les cookies de session et les cookies persistants.  <\/p><ul><li>Les cookies de session sont temporaires et sont donc automatiquement supprim\u00e9s de votre appareil chaque fois que vous fermez votre navigateur ;<\/li><li>Les cookies persistants restent sur votre appareil pendant une p\u00e9riode de temps sp\u00e9cifi\u00e9e dans le cookie et sont activ\u00e9s chaque fois que vous visitez le site web qui les a install\u00e9s.<\/li><\/ul>\t\t\t\t<\/div>\n\t\t\t\t\t<\/div>\n\t\t\t\t\t\t<\/div>\n\t\t\t\t<\/div>\n\t\t\t\t\t<\/div>\n\t\t\t\t<\/div>\n\t\t<div class=\"wd-negative-gap elementor-element elementor-element-160e379 e-flex e-con-boxed e-con e-parent\" data-id=\"160e379\" data-element_type=\"container\" data-e-type=\"container\">\n\t\t\t\t\t<div class=\"e-con-inner\">\n\t\t\t\t<div class=\"elementor-element elementor-element-05df64d wd-width-100 elementor-widget elementor-widget-wd_title\" data-id=\"05df64d\" data-element_type=\"widget\" data-e-type=\"widget\" data-widget_type=\"wd_title.default\">\n\t\t\t\t<div class=\"elementor-widget-container\">\n\t\t\t\t\t\t\t<div class=\"title-wrapper wd-set-mb reset-last-child wd-title-color-default wd-title-style-default wd-title-size-default text-left\">\n\n\t\t\t\n\t\t\t<div class=\"liner-continer\">\n\t\t\t\t<h4 class=\"woodmart-title-container title wd-fontsize-l\">Quels types de cookies utilisons-nous et dans quel but ?<\/h4> \n\t\t\t\t\t\t\t<\/div>\n\n\t\t\t\t\t\t\t<div class=\"title-after_title reset-last-child wd-fontsize-xs\">\n\t\t\t\t\t<p>Lorsque vous naviguez sur notre site web, nous utilisons les types de cookies suivants :<\/p><h4>1. Cookies strictement n\u00e9cessaires<\/h4><p>Ces cookies sont n\u00e9cessaires au bon fonctionnement des services fournis sur le site web.<\/p><p>Ils sont utilis\u00e9s pour fournir les fonctionnalit\u00e9s de base du site web, comme la m\u00e9morisation des informations saisies dans un formulaire ou l'acc\u00e8s \u00e0 votre compte personnel.<\/p><p>Si vous d\u00e9sactivez ces cookies, vous ne pourrez plus utiliser ces fonctions et le site web pourrait ne pas fonctionner aussi efficacement qu'il le devrait.<\/p><h4>2. Cookies de performance<\/h4><p>Ces cookies sont utilis\u00e9s pour collecter des donn\u00e9es anonymes \u00e0 des fins statistiques. Ils permettent de mesurer l'audience du site et d'analyser la mani\u00e8re dont les visiteurs naviguent sur le site (nombre de visiteurs sur le site, nombre de visites par page, temps pass\u00e9 sur chaque page, zones de clics, mesure de l'efficacit\u00e9 de la publicit\u00e9...). <\/p><p>Ils sont \u00e9galement utilis\u00e9s pour d\u00e9tecter les probl\u00e8mes de navigateur ou toute autre difficult\u00e9. Ces cookies nous aident \u00e0 am\u00e9liorer notre site web et \u00e0 rendre votre exp\u00e9rience de navigation plus agr\u00e9able. <\/p><h4>3. Cookies de tiers<\/h4><p>Dans certains cas, nous faisons appel \u00e0 des tiers pour g\u00e9rer nos cookies. Des tiers peuvent \u00e9galement utiliser leurs propres cookies ou d'autres technologies de suivi pour collecter des informations sur votre activit\u00e9 sur le site web, notamment pour vous fournir des publicit\u00e9s personnalis\u00e9es sur leurs propres sites web. <\/p><p>Certains cookies de r\u00e9seaux sociaux peuvent \u00e9galement \u00eatre install\u00e9s sur votre appareil pour vous permettre d'interagir sur ces r\u00e9seaux, tels que Facebook ou Twitter. Nous ne sommes en aucun cas impliqu\u00e9s dans la mise en \u0153uvre et le fonctionnement de ces cookies et n'avons aucun acc\u00e8s ni contr\u00f4le sur ces cookies tiers. Ces cookies sont soumis \u00e0 leurs propres politiques de cookies, accessibles sur chaque site web tiers et auxquelles nous vous invitons \u00e0 vous r\u00e9f\u00e9rer. Nous ne sommes donc pas responsables des donn\u00e9es collect\u00e9es par ces cookies et ne pouvons pas vous fournir d'informations compl\u00e9mentaires sur la nature des informations collect\u00e9es par ces cookies tiers.   <\/p>\t\t\t\t<\/div>\n\t\t\t\t\t<\/div>\n\t\t\t\t\t\t<\/div>\n\t\t\t\t<\/div>\n\t\t\t\t\t<\/div>\n\t\t\t\t<\/div>\n\t\t<div class=\"wd-negative-gap elementor-element elementor-element-1ea080f e-flex e-con-boxed e-con e-parent\" data-id=\"1ea080f\" data-element_type=\"container\" data-e-type=\"container\">\n\t\t\t\t\t<div class=\"e-con-inner\">\n\t\t\t\t<div class=\"elementor-element elementor-element-a75d1c1 wd-width-100 elementor-widget elementor-widget-wd_title\" data-id=\"a75d1c1\" data-element_type=\"widget\" data-e-type=\"widget\" data-widget_type=\"wd_title.default\">\n\t\t\t\t<div class=\"elementor-widget-container\">\n\t\t\t\t\t\t\t<div class=\"title-wrapper wd-set-mb reset-last-child wd-title-color-default wd-title-style-default wd-title-size-default text-left\">\n\n\t\t\t\n\t\t\t<div class=\"liner-continer\">\n\t\t\t\t<h4 class=\"woodmart-title-container title wd-fontsize-l\">Votre choix concernant les cookies<\/h4> \n\t\t\t\t\t\t\t<\/div>\n\n\t\t\t\t\t\t\t<div class=\"title-after_title reset-last-child wd-fontsize-xs\">\n\t\t\t\t\t<p>Vous disposez de plusieurs options pour contr\u00f4ler ou limiter la mani\u00e8re dont nous ou des tiers utilisons les cookies :<\/p><ul><li>Vous pouvez choisir de supprimer tout ou partie des cookies de votre appareil via les param\u00e8tres de votre navigateur ;<\/li><li>Vous pouvez choisir d\u2019emp\u00eacher l\u2019installation de cookies sur votre appareil via les param\u00e8tres de votre navigateur.<\/li><\/ul><p>Pour en savoir plus sur la gestion de l'utilisation des cookies depuis votre navigateur, veuillez suivre les liens suivants pour chaque navigateur :<\/p><ul><li><a href=\"https:\/\/support.microsoft.com\/en-gb\/help\/278835\/how-to-delete-cookie-files-in-internet-explorer\" target=\"_blank\" rel=\"noopener\">Internet Explorer<\/a><\/li><li><a href=\"https:\/\/support.google.com\/chrome\/bin\/answer.py?hl=en&amp;answer=95647&amp;p=cpn_cookies\" target=\"_blank\" rel=\"noopener\">Chrome<\/a><\/li><li><a href=\"https:\/\/support.apple.com\/kb\/PH21411?viewlocale=en_US&amp;locale=en_US\" target=\"_blank\" rel=\"noopener\">Safari<\/a><\/li><li><a href=\"http:\/\/support.mozilla.org\/en-US\/kb\/Cookies\" target=\"_blank\" rel=\"noopener\">Mozilla Firefox<\/a><\/li><li><a href=\"http:\/\/help.opera.com\/Linux\/10.50\/en\/cookies.html\" target=\"_blank\" rel=\"noopener\">Opera<\/a><\/li><\/ul><p>Veuillez noter que si vous choisissez de bloquer ou de d\u00e9sactiver certains ou tous les cookies que nous utilisons, notre site Web pourrait ne pas fonctionner correctement et vous pourriez ne pas \u00eatre en mesure de profiter de tous les services et fonctionnalit\u00e9s fournis gr\u00e2ce \u00e0 l'utilisation des cookies.<\/p><p>Si vous souhaitez en savoir plus sur les cookies et comment les g\u00e9rer, veuillez visiter les sites Web suivants : <a href=\"http:\/\/www.youronlinechoices.eu\" target=\"_blank\" rel=\"noopener\">www.youronlinechoices.eu<\/a> and <a href=\"http:\/\/www.allaboutcookies.org\" target=\"_blank\" rel=\"noopener\">www.allaboutcookies.org<\/a>.<\/p>\t\t\t\t<\/div>\n\t\t\t\t\t<\/div>\n\t\t\t\t\t\t<\/div>\n\t\t\t\t<\/div>\n\t\t\t\t\t<\/div>\n\t\t\t\t<\/div>\n\t\t<div class=\"wd-negative-gap elementor-element elementor-element-8de0690 e-flex e-con-boxed e-con e-parent\" data-id=\"8de0690\" data-element_type=\"container\" data-e-type=\"container\">\n\t\t\t\t\t<div class=\"e-con-inner\">\n\t\t\t\t<div class=\"elementor-element elementor-element-19270f8 wd-width-100 elementor-widget elementor-widget-wd_title\" data-id=\"19270f8\" data-element_type=\"widget\" data-e-type=\"widget\" data-widget_type=\"wd_title.default\">\n\t\t\t\t<div class=\"elementor-widget-container\">\n\t\t\t\t\t\t\t<div class=\"title-wrapper wd-set-mb reset-last-child wd-title-color-default wd-title-style-default wd-title-size-default text-left\">\n\n\t\t\t\n\t\t\t<div class=\"liner-continer\">\n\t\t\t\t<h4 class=\"woodmart-title-container title wd-fontsize-l\">Contactez-nous<\/h4> \n\t\t\t\t\t\t\t<\/div>\n\n\t\t\t\t\t\t\t<div class=\"title-after_title reset-last-child wd-fontsize-xs\">\n\t\t\t\t\t<p>If you have any question, comment or concern regarding this Cookie Policy and the way <strong>La Royale Group<\/strong> uses cookies and other tracking technologies, please contact us at: <a href=\"mailto:contact@laroyale.com\" target=\"_blank\" rel=\"noopener\">contact@laroyale.com<\/a><\/p>\t\t\t\t<\/div>\n\t\t\t\t\t<\/div>\n\t\t\t\t\t\t<\/div>\n\t\t\t\t<\/div>\n\t\t\t\t\t<\/div>\n\t\t\t\t<\/div>\n\t\t\t\t<\/div>\n\t\t","protected":false},"excerpt":{"rendered":"<p>When you visit our website http:\/\/www.laroyale.com, some cookies or other tracking technologies may be stored on your device (computer, tablet<\/p>\n","protected":false},"author":1,"featured_media":0,"parent":0,"menu_order":0,"comment_status":"closed","ping_status":"closed","template":"","meta":{"footnotes":""},"class_list":["post-3924","page","type-page","status-publish","hentry"],"yoast_head":"<!-- This site is optimized with the Yoast SEO Premium plugin v26.8 (Yoast SEO v26.8) - https:\/\/yoast.com\/product\/yoast-seo-premium-wordpress\/ -->\n<title>La Royale Group - Politique en mati\u00e8re de cookies<\/title>\n<meta name=\"description\" content=\"D\u00e9couvrez comment nous utilisons les cookies pour am\u00e9liorer votre exp\u00e9rience de navigation, analyser le trafic du site et personnaliser le contenu. Consultez notre politique relative aux cookies pour plus de d\u00e9tails.\" \/>\n<meta name=\"robots\" content=\"index, follow, max-snippet:-1, max-image-preview:large, max-video-preview:-1\" \/>\n<link rel=\"canonical\" href=\"https:\/\/laroyale.com\/fr\/politique-en-matiere-de-cookies\/\" \/>\n<meta property=\"og:locale\" content=\"fr_FR\" \/>\n<meta property=\"og:type\" content=\"article\" \/>\n<meta property=\"og:title\" content=\"Politique en mati\u00e8re de cookies\" \/>\n<meta property=\"og:description\" content=\"D\u00e9couvrez comment nous utilisons les cookies pour am\u00e9liorer votre exp\u00e9rience de navigation, analyser le trafic du site et personnaliser le contenu. Consultez notre politique relative aux cookies pour plus de d\u00e9tails.\" \/>\n<meta property=\"og:url\" content=\"https:\/\/laroyale.com\/fr\/politique-en-matiere-de-cookies\/\" \/>\n<meta property=\"og:site_name\" content=\"La Royale Group\" \/>\n<meta property=\"article:modified_time\" content=\"2025-05-15T03:52:31+00:00\" \/>\n<meta name=\"twitter:card\" content=\"summary_large_image\" \/>\n<meta name=\"twitter:label1\" content=\"Dur\u00e9e de lecture estim\u00e9e\" \/>\n\t<meta name=\"twitter:data1\" content=\"4 minutes\" \/>\n<script type=\"application\/ld+json\" class=\"yoast-schema-graph\">{\"@context\":\"https:\/\/schema.org\",\"@graph\":[{\"@type\":\"WebPage\",\"@id\":\"https:\/\/laroyale.com\/fr\/politique-en-matiere-de-cookies\/\",\"url\":\"https:\/\/laroyale.com\/fr\/politique-en-matiere-de-cookies\/\",\"name\":\"La Royale Group - Politique en mati\u00e8re de cookies\",\"isPartOf\":{\"@id\":\"https:\/\/laroyale.com\/fr\/#website\"},\"datePublished\":\"2025-04-08T09:26:57+00:00\",\"dateModified\":\"2025-05-15T03:52:31+00:00\",\"description\":\"D\u00e9couvrez comment nous utilisons les cookies pour am\u00e9liorer votre exp\u00e9rience de navigation, analyser le trafic du site et personnaliser le contenu. Consultez notre politique relative aux cookies pour plus de d\u00e9tails.\",\"breadcrumb\":{\"@id\":\"https:\/\/laroyale.com\/fr\/politique-en-matiere-de-cookies\/#breadcrumb\"},\"inLanguage\":\"fr-FR\",\"potentialAction\":[{\"@type\":\"ReadAction\",\"target\":[\"https:\/\/laroyale.com\/fr\/politique-en-matiere-de-cookies\/\"]}]},{\"@type\":\"BreadcrumbList\",\"@id\":\"https:\/\/laroyale.com\/fr\/politique-en-matiere-de-cookies\/#breadcrumb\",\"itemListElement\":[{\"@type\":\"ListItem\",\"position\":1,\"name\":\"Home\",\"item\":\"https:\/\/laroyale.com\/fr\/maison\/\"},{\"@type\":\"ListItem\",\"position\":2,\"name\":\"Politique en mati\u00e8re de cookies\"}]},{\"@type\":\"WebSite\",\"@id\":\"https:\/\/laroyale.com\/fr\/#website\",\"url\":\"https:\/\/laroyale.com\/fr\/\",\"name\":\"La Royale Group\",\"description\":\"Propulser la croissance pour l'avenir\",\"publisher\":{\"@id\":\"https:\/\/laroyale.com\/fr\/#organization\"},\"potentialAction\":[{\"@type\":\"SearchAction\",\"target\":{\"@type\":\"EntryPoint\",\"urlTemplate\":\"https:\/\/laroyale.com\/fr\/?s={search_term_string}\"},\"query-input\":{\"@type\":\"PropertyValueSpecification\",\"valueRequired\":true,\"valueName\":\"search_term_string\"}}],\"inLanguage\":\"fr-FR\"},{\"@type\":\"Organization\",\"@id\":\"https:\/\/laroyale.com\/fr\/#organization\",\"name\":\"La Royale Group\",\"url\":\"https:\/\/laroyale.com\/fr\/\",\"logo\":{\"@type\":\"ImageObject\",\"inLanguage\":\"fr-FR\",\"@id\":\"https:\/\/laroyale.com\/fr\/#\/schema\/logo\/image\/\",\"url\":\"https:\/\/laroyale.com\/wp-content\/uploads\/2025\/07\/LRG-logo-white-square-2.webp\",\"contentUrl\":\"https:\/\/laroyale.com\/wp-content\/uploads\/2025\/07\/LRG-logo-white-square-2.webp\",\"width\":1000,\"height\":1000,\"caption\":\"La Royale Group\"},\"image\":{\"@id\":\"https:\/\/laroyale.com\/fr\/#\/schema\/logo\/image\/\"},\"sameAs\":[\"https:\/\/mt.linkedin.com\/company\/la-royale-group\"]}]}<\/script>\n<!-- \/ Yoast SEO Premium plugin. -->","yoast_head_json":{"title":"La Royale Group - Politique en mati\u00e8re de cookies","description":"D\u00e9couvrez comment nous utilisons les cookies pour am\u00e9liorer votre exp\u00e9rience de navigation, analyser le trafic du site et personnaliser le contenu. Consultez notre politique relative aux cookies pour plus de d\u00e9tails.","robots":{"index":"index","follow":"follow","max-snippet":"max-snippet:-1","max-image-preview":"max-image-preview:large","max-video-preview":"max-video-preview:-1"},"canonical":"https:\/\/laroyale.com\/fr\/politique-en-matiere-de-cookies\/","og_locale":"fr_FR","og_type":"article","og_title":"Politique en mati\u00e8re de cookies","og_description":"D\u00e9couvrez comment nous utilisons les cookies pour am\u00e9liorer votre exp\u00e9rience de navigation, analyser le trafic du site et personnaliser le contenu. Consultez notre politique relative aux cookies pour plus de d\u00e9tails.","og_url":"https:\/\/laroyale.com\/fr\/politique-en-matiere-de-cookies\/","og_site_name":"La Royale Group","article_modified_time":"2025-05-15T03:52:31+00:00","twitter_card":"summary_large_image","twitter_misc":{"Dur\u00e9e de lecture estim\u00e9e":"4 minutes"},"schema":{"@context":"https:\/\/schema.org","@graph":[{"@type":"WebPage","@id":"https:\/\/laroyale.com\/fr\/politique-en-matiere-de-cookies\/","url":"https:\/\/laroyale.com\/fr\/politique-en-matiere-de-cookies\/","name":"La Royale Group - Politique en mati\u00e8re de cookies","isPartOf":{"@id":"https:\/\/laroyale.com\/fr\/#website"},"datePublished":"2025-04-08T09:26:57+00:00","dateModified":"2025-05-15T03:52:31+00:00","description":"D\u00e9couvrez comment nous utilisons les cookies pour am\u00e9liorer votre exp\u00e9rience de navigation, analyser le trafic du site et personnaliser le contenu. Consultez notre politique relative aux cookies pour plus de d\u00e9tails.","breadcrumb":{"@id":"https:\/\/laroyale.com\/fr\/politique-en-matiere-de-cookies\/#breadcrumb"},"inLanguage":"fr-FR","potentialAction":[{"@type":"ReadAction","target":["https:\/\/laroyale.com\/fr\/politique-en-matiere-de-cookies\/"]}]},{"@type":"BreadcrumbList","@id":"https:\/\/laroyale.com\/fr\/politique-en-matiere-de-cookies\/#breadcrumb","itemListElement":[{"@type":"ListItem","position":1,"name":"Home","item":"https:\/\/laroyale.com\/fr\/maison\/"},{"@type":"ListItem","position":2,"name":"Politique en mati\u00e8re de cookies"}]},{"@type":"WebSite","@id":"https:\/\/laroyale.com\/fr\/#website","url":"https:\/\/laroyale.com\/fr\/","name":"La Royale Group","description":"Propulser la croissance pour l'avenir","publisher":{"@id":"https:\/\/laroyale.com\/fr\/#organization"},"potentialAction":[{"@type":"SearchAction","target":{"@type":"EntryPoint","urlTemplate":"https:\/\/laroyale.com\/fr\/?s={search_term_string}"},"query-input":{"@type":"PropertyValueSpecification","valueRequired":true,"valueName":"search_term_string"}}],"inLanguage":"fr-FR"},{"@type":"Organization","@id":"https:\/\/laroyale.com\/fr\/#organization","name":"La Royale Group","url":"https:\/\/laroyale.com\/fr\/","logo":{"@type":"ImageObject","inLanguage":"fr-FR","@id":"https:\/\/laroyale.com\/fr\/#\/schema\/logo\/image\/","url":"https:\/\/laroyale.com\/wp-content\/uploads\/2025\/07\/LRG-logo-white-square-2.webp","contentUrl":"https:\/\/laroyale.com\/wp-content\/uploads\/2025\/07\/LRG-logo-white-square-2.webp","width":1000,"height":1000,"caption":"La Royale Group"},"image":{"@id":"https:\/\/laroyale.com\/fr\/#\/schema\/logo\/image\/"},"sameAs":["https:\/\/mt.linkedin.com\/company\/la-royale-group"]}]}},"_links":{"self":[{"href":"https:\/\/laroyale.com\/fr\/wp-json\/wp\/v2\/pages\/3924","targetHints":{"allow":["GET"]}}],"collection":[{"href":"https:\/\/laroyale.com\/fr\/wp-json\/wp\/v2\/pages"}],"about":[{"href":"https:\/\/laroyale.com\/fr\/wp-json\/wp\/v2\/types\/page"}],"author":[{"embeddable":true,"href":"https:\/\/laroyale.com\/fr\/wp-json\/wp\/v2\/users\/1"}],"replies":[{"embeddable":true,"href":"https:\/\/laroyale.com\/fr\/wp-json\/wp\/v2\/comments?post=3924"}],"version-history":[{"count":2,"href":"https:\/\/laroyale.com\/fr\/wp-json\/wp\/v2\/pages\/3924\/revisions"}],"predecessor-version":[{"id":4463,"href":"https:\/\/laroyale.com\/fr\/wp-json\/wp\/v2\/pages\/3924\/revisions\/4463"}],"wp:attachment":[{"href":"https:\/\/laroyale.com\/fr\/wp-json\/wp\/v2\/media?parent=3924"}],"curies":[{"name":"wp","href":"https:\/\/api.w.org\/{rel}","templated":true}]}}