{"id":3844,"date":"2025-04-09T02:26:38","date_gmt":"2025-04-09T02:26:38","guid":{"rendered":"https:\/\/laroyale.com\/mentions-legales\/"},"modified":"2025-04-29T02:07:09","modified_gmt":"2025-04-29T02:07:09","slug":"mentions-legales","status":"publish","type":"page","link":"https:\/\/laroyale.com\/fr\/mentions-legales\/","title":{"rendered":"Mentions l\u00e9gales"},"content":{"rendered":"\t\t<div data-elementor-type=\"wp-page\" data-elementor-id=\"3844\" class=\"elementor elementor-3844 elementor-32\">\n\t\t\t\t<div class=\"wd-negative-gap elementor-element elementor-element-38ca53a e-flex e-con-boxed e-con e-parent\" data-id=\"38ca53a\" data-element_type=\"container\" data-e-type=\"container\">\n\t\t\t\t\t<div class=\"e-con-inner\">\n\t\t<div class=\"elementor-element elementor-element-f6a4d7f e-con-full e-flex e-con e-child\" data-id=\"f6a4d7f\" data-element_type=\"container\" data-e-type=\"container\">\n\t\t\t\t<div class=\"elementor-element elementor-element-7fee25c wd-width-100 elementor-widget elementor-widget-wd_title\" data-id=\"7fee25c\" data-element_type=\"widget\" data-e-type=\"widget\" data-widget_type=\"wd_title.default\">\n\t\t\t\t<div class=\"elementor-widget-container\">\n\t\t\t\t\t\t\t<div class=\"title-wrapper wd-set-mb reset-last-child wd-title-color-default wd-title-style-default wd-title-size-medium text-left\">\n\n\t\t\t\n\t\t\t<div class=\"liner-continer\">\n\t\t\t\t<h4 class=\"woodmart-title-container title wd-fontsize-xl\">Mentions l\u00e9gales<\/h4> \n\t\t\t\t\t\t\t<\/div>\n\n\t\t\t\t\t\t\t<div class=\"title-after_title reset-last-child wd-fontsize-s\">\n\t\t\t\t\tLe site internet <a href=\"https:\/\/laroyale.com\/fr\/\">www.laroyale.com<\/a> est publi\u00e9 par<br \/>\n<br \/>\nLa Royale Investments Group,<br \/>\nn\u00b036-04 Millenia Tower,<br \/>\nOne Temasek Avenue,<br \/>\nSingapour 039192<br \/>\n<br \/>\nContact : <a href=\"mailto:contact@lri.sg\">contact@lri.sg<\/a><br \/>\n<br \/>\nDirecteur de la publication : <strong>Joan-Roger Beaufort<\/strong><br \/>\n<br \/>\nLe site est h\u00e9berg\u00e9 par <strong>HOSTINGER, UAB<\/strong><br \/>\nJonavos str. 60C, Kaunas 44192 Lituanie<br \/>\nT\u00e9l\u00e9phone : <a href=\"tel:+37064503378\">+37064503378<\/a><br \/>\nCourriel : <a href=\"mailto:domains@hostinger.com\">domains@hostinger.com<\/a> \t\t\t\t<\/div>\n\t\t\t\t\t<\/div>\n\t\t\t\t\t\t<\/div>\n\t\t\t\t<\/div>\n\t\t\t\t<\/div>\n\t\t<div class=\"elementor-element elementor-element-d8a2822 e-con-full e-flex e-con e-child\" data-id=\"d8a2822\" data-element_type=\"container\" data-e-type=\"container\">\n\t\t\t\t<div class=\"elementor-element elementor-element-223043d elementor-widget elementor-widget-image\" data-id=\"223043d\" data-element_type=\"widget\" data-e-type=\"widget\" data-widget_type=\"image.default\">\n\t\t\t\t<div class=\"elementor-widget-container\">\n\t\t\t\t\t\t\t\t\t\t\t\t\t\t\t<img decoding=\"async\" width=\"640\" height=\"762\" src=\"https:\/\/laroyale.com\/wp-content\/themes\/woodmart\/images\/lazy.svg\" data-src=\"https:\/\/laroyale.com\/wp-content\/uploads\/2025\/04\/pexels-sora-shimazaki-5669619-e1744855965133.webp\" class=\"attachment-full size-full wp-image-3547\" alt=\"\" \/>\t\t\t\t\t\t\t\t\t\t\t\t\t\t\t<\/div>\n\t\t\t\t<\/div>\n\t\t\t\t<\/div>\n\t\t\t\t\t<\/div>\n\t\t\t\t<\/div>\n\t\t\t\t<\/div>\n\t\t","protected":false},"excerpt":{"rendered":"<p>Mentions l\u00e9gales Le site internet www.laroyale.com est publi\u00e9 par La Royale Investments Group, n\u00b036-04 Millenia Tower, One Temasek Avenue, Singapour<\/p>\n","protected":false},"author":1,"featured_media":0,"parent":0,"menu_order":0,"comment_status":"closed","ping_status":"closed","template":"","meta":{"footnotes":""},"class_list":["post-3844","page","type-page","status-publish","hentry"],"yoast_head":"<!-- This site is optimized with the Yoast SEO Premium plugin v26.8 (Yoast SEO v26.8) - https:\/\/yoast.com\/product\/yoast-seo-premium-wordpress\/ -->\n<title>La Royale Group - Mentions l\u00e9gales<\/title>\n<meta name=\"robots\" content=\"index, follow, max-snippet:-1, max-image-preview:large, max-video-preview:-1\" \/>\n<link rel=\"canonical\" href=\"https:\/\/laroyale.com\/fr\/mentions-legales\/\" \/>\n<meta property=\"og:locale\" content=\"fr_FR\" \/>\n<meta property=\"og:type\" content=\"article\" \/>\n<meta property=\"og:title\" content=\"Mentions l\u00e9gales\" \/>\n<meta property=\"og:description\" content=\"Mentions l\u00e9gales Le site internet www.laroyale.com est publi\u00e9 par La Royale Investments Group, n\u00b036-04 Millenia Tower, One Temasek Avenue, Singapour\" \/>\n<meta property=\"og:url\" content=\"https:\/\/laroyale.com\/fr\/mentions-legales\/\" \/>\n<meta property=\"og:site_name\" content=\"La Royale Group\" \/>\n<meta property=\"article:modified_time\" content=\"2025-04-29T02:07:09+00:00\" \/>\n<meta property=\"og:image\" content=\"https:\/\/laroyale.com\/wp-content\/uploads\/2025\/04\/pexels-sora-shimazaki-5669619-e1744855965133.webp\" \/>\n\t<meta property=\"og:image:width\" content=\"640\" \/>\n\t<meta property=\"og:image:height\" content=\"762\" \/>\n\t<meta property=\"og:image:type\" content=\"image\/webp\" \/>\n<meta name=\"twitter:card\" content=\"summary_large_image\" \/>\n<script type=\"application\/ld+json\" class=\"yoast-schema-graph\">{\"@context\":\"https:\/\/schema.org\",\"@graph\":[{\"@type\":\"WebPage\",\"@id\":\"https:\/\/laroyale.com\/fr\/mentions-legales\/\",\"url\":\"https:\/\/laroyale.com\/fr\/mentions-legales\/\",\"name\":\"La Royale Group - Mentions l\u00e9gales\",\"isPartOf\":{\"@id\":\"https:\/\/laroyale.com\/fr\/#website\"},\"primaryImageOfPage\":{\"@id\":\"https:\/\/laroyale.com\/fr\/mentions-legales\/#primaryimage\"},\"image\":{\"@id\":\"https:\/\/laroyale.com\/fr\/mentions-legales\/#primaryimage\"},\"thumbnailUrl\":\"https:\/\/laroyale.com\/wp-content\/uploads\/2025\/04\/pexels-sora-shimazaki-5669619-e1744855965133.webp\",\"datePublished\":\"2025-04-09T02:26:38+00:00\",\"dateModified\":\"2025-04-29T02:07:09+00:00\",\"breadcrumb\":{\"@id\":\"https:\/\/laroyale.com\/fr\/mentions-legales\/#breadcrumb\"},\"inLanguage\":\"fr-FR\",\"potentialAction\":[{\"@type\":\"ReadAction\",\"target\":[\"https:\/\/laroyale.com\/fr\/mentions-legales\/\"]}]},{\"@type\":\"ImageObject\",\"inLanguage\":\"fr-FR\",\"@id\":\"https:\/\/laroyale.com\/fr\/mentions-legales\/#primaryimage\",\"url\":\"https:\/\/laroyale.com\/wp-content\/uploads\/2025\/04\/pexels-sora-shimazaki-5669619-e1744855965133.webp\",\"contentUrl\":\"https:\/\/laroyale.com\/wp-content\/uploads\/2025\/04\/pexels-sora-shimazaki-5669619-e1744855965133.webp\"},{\"@type\":\"BreadcrumbList\",\"@id\":\"https:\/\/laroyale.com\/fr\/mentions-legales\/#breadcrumb\",\"itemListElement\":[{\"@type\":\"ListItem\",\"position\":1,\"name\":\"Home\",\"item\":\"https:\/\/laroyale.com\/fr\/maison\/\"},{\"@type\":\"ListItem\",\"position\":2,\"name\":\"Mentions l\u00e9gales\"}]},{\"@type\":\"WebSite\",\"@id\":\"https:\/\/laroyale.com\/fr\/#website\",\"url\":\"https:\/\/laroyale.com\/fr\/\",\"name\":\"La Royale Group\",\"description\":\"Propulser la croissance pour l'avenir\",\"publisher\":{\"@id\":\"https:\/\/laroyale.com\/fr\/#organization\"},\"potentialAction\":[{\"@type\":\"SearchAction\",\"target\":{\"@type\":\"EntryPoint\",\"urlTemplate\":\"https:\/\/laroyale.com\/fr\/?s={search_term_string}\"},\"query-input\":{\"@type\":\"PropertyValueSpecification\",\"valueRequired\":true,\"valueName\":\"search_term_string\"}}],\"inLanguage\":\"fr-FR\"},{\"@type\":\"Organization\",\"@id\":\"https:\/\/laroyale.com\/fr\/#organization\",\"name\":\"La Royale Group\",\"url\":\"https:\/\/laroyale.com\/fr\/\",\"logo\":{\"@type\":\"ImageObject\",\"inLanguage\":\"fr-FR\",\"@id\":\"https:\/\/laroyale.com\/fr\/#\/schema\/logo\/image\/\",\"url\":\"https:\/\/laroyale.com\/wp-content\/uploads\/2025\/07\/LRG-logo-white-square-2.webp\",\"contentUrl\":\"https:\/\/laroyale.com\/wp-content\/uploads\/2025\/07\/LRG-logo-white-square-2.webp\",\"width\":1000,\"height\":1000,\"caption\":\"La Royale Group\"},\"image\":{\"@id\":\"https:\/\/laroyale.com\/fr\/#\/schema\/logo\/image\/\"},\"sameAs\":[\"https:\/\/mt.linkedin.com\/company\/la-royale-group\"]}]}<\/script>\n<!-- \/ Yoast SEO Premium plugin. -->","yoast_head_json":{"title":"La Royale Group - Mentions l\u00e9gales","robots":{"index":"index","follow":"follow","max-snippet":"max-snippet:-1","max-image-preview":"max-image-preview:large","max-video-preview":"max-video-preview:-1"},"canonical":"https:\/\/laroyale.com\/fr\/mentions-legales\/","og_locale":"fr_FR","og_type":"article","og_title":"Mentions l\u00e9gales","og_description":"Mentions l\u00e9gales Le site internet www.laroyale.com est publi\u00e9 par La Royale Investments Group, n\u00b036-04 Millenia Tower, One Temasek Avenue, Singapour","og_url":"https:\/\/laroyale.com\/fr\/mentions-legales\/","og_site_name":"La Royale Group","article_modified_time":"2025-04-29T02:07:09+00:00","og_image":[{"width":640,"height":762,"url":"https:\/\/laroyale.com\/wp-content\/uploads\/2025\/04\/pexels-sora-shimazaki-5669619-e1744855965133.webp","type":"image\/webp"}],"twitter_card":"summary_large_image","schema":{"@context":"https:\/\/schema.org","@graph":[{"@type":"WebPage","@id":"https:\/\/laroyale.com\/fr\/mentions-legales\/","url":"https:\/\/laroyale.com\/fr\/mentions-legales\/","name":"La Royale Group - Mentions l\u00e9gales","isPartOf":{"@id":"https:\/\/laroyale.com\/fr\/#website"},"primaryImageOfPage":{"@id":"https:\/\/laroyale.com\/fr\/mentions-legales\/#primaryimage"},"image":{"@id":"https:\/\/laroyale.com\/fr\/mentions-legales\/#primaryimage"},"thumbnailUrl":"https:\/\/laroyale.com\/wp-content\/uploads\/2025\/04\/pexels-sora-shimazaki-5669619-e1744855965133.webp","datePublished":"2025-04-09T02:26:38+00:00","dateModified":"2025-04-29T02:07:09+00:00","breadcrumb":{"@id":"https:\/\/laroyale.com\/fr\/mentions-legales\/#breadcrumb"},"inLanguage":"fr-FR","potentialAction":[{"@type":"ReadAction","target":["https:\/\/laroyale.com\/fr\/mentions-legales\/"]}]},{"@type":"ImageObject","inLanguage":"fr-FR","@id":"https:\/\/laroyale.com\/fr\/mentions-legales\/#primaryimage","url":"https:\/\/laroyale.com\/wp-content\/uploads\/2025\/04\/pexels-sora-shimazaki-5669619-e1744855965133.webp","contentUrl":"https:\/\/laroyale.com\/wp-content\/uploads\/2025\/04\/pexels-sora-shimazaki-5669619-e1744855965133.webp"},{"@type":"BreadcrumbList","@id":"https:\/\/laroyale.com\/fr\/mentions-legales\/#breadcrumb","itemListElement":[{"@type":"ListItem","position":1,"name":"Home","item":"https:\/\/laroyale.com\/fr\/maison\/"},{"@type":"ListItem","position":2,"name":"Mentions l\u00e9gales"}]},{"@type":"WebSite","@id":"https:\/\/laroyale.com\/fr\/#website","url":"https:\/\/laroyale.com\/fr\/","name":"La Royale Group","description":"Propulser la croissance pour l'avenir","publisher":{"@id":"https:\/\/laroyale.com\/fr\/#organization"},"potentialAction":[{"@type":"SearchAction","target":{"@type":"EntryPoint","urlTemplate":"https:\/\/laroyale.com\/fr\/?s={search_term_string}"},"query-input":{"@type":"PropertyValueSpecification","valueRequired":true,"valueName":"search_term_string"}}],"inLanguage":"fr-FR"},{"@type":"Organization","@id":"https:\/\/laroyale.com\/fr\/#organization","name":"La Royale Group","url":"https:\/\/laroyale.com\/fr\/","logo":{"@type":"ImageObject","inLanguage":"fr-FR","@id":"https:\/\/laroyale.com\/fr\/#\/schema\/logo\/image\/","url":"https:\/\/laroyale.com\/wp-content\/uploads\/2025\/07\/LRG-logo-white-square-2.webp","contentUrl":"https:\/\/laroyale.com\/wp-content\/uploads\/2025\/07\/LRG-logo-white-square-2.webp","width":1000,"height":1000,"caption":"La Royale Group"},"image":{"@id":"https:\/\/laroyale.com\/fr\/#\/schema\/logo\/image\/"},"sameAs":["https:\/\/mt.linkedin.com\/company\/la-royale-group"]}]}},"_links":{"self":[{"href":"https:\/\/laroyale.com\/fr\/wp-json\/wp\/v2\/pages\/3844","targetHints":{"allow":["GET"]}}],"collection":[{"href":"https:\/\/laroyale.com\/fr\/wp-json\/wp\/v2\/pages"}],"about":[{"href":"https:\/\/laroyale.com\/fr\/wp-json\/wp\/v2\/types\/page"}],"author":[{"embeddable":true,"href":"https:\/\/laroyale.com\/fr\/wp-json\/wp\/v2\/users\/1"}],"replies":[{"embeddable":true,"href":"https:\/\/laroyale.com\/fr\/wp-json\/wp\/v2\/comments?post=3844"}],"version-history":[{"count":2,"href":"https:\/\/laroyale.com\/fr\/wp-json\/wp\/v2\/pages\/3844\/revisions"}],"predecessor-version":[{"id":4043,"href":"https:\/\/laroyale.com\/fr\/wp-json\/wp\/v2\/pages\/3844\/revisions\/4043"}],"wp:attachment":[{"href":"https:\/\/laroyale.com\/fr\/wp-json\/wp\/v2\/media?parent=3844"}],"curies":[{"name":"wp","href":"https:\/\/api.w.org\/{rel}","templated":true}]}}