{"id":3824,"date":"2025-04-22T04:18:21","date_gmt":"2025-04-22T04:18:21","guid":{"rendered":"https:\/\/laroyale.com\/la-royale-factory\/"},"modified":"2026-03-24T06:52:00","modified_gmt":"2026-03-24T06:52:00","slug":"la-royale-factory","status":"publish","type":"page","link":"https:\/\/laroyale.com\/fr\/la-royale-factory\/","title":{"rendered":"La Royale Factory"},"content":{"rendered":"\t\t<div data-elementor-type=\"wp-page\" data-elementor-id=\"3824\" class=\"elementor elementor-3824 elementor-2209\">\n\t\t\t\t<div class=\"wd-negative-gap elementor-element elementor-element-52da19c wd-section-stretch e-flex e-con-boxed e-con e-parent\" data-id=\"52da19c\" data-element_type=\"container\" data-e-type=\"container\" data-settings=\"{&quot;background_background&quot;:&quot;classic&quot;}\">\n\t\t\t\t\t<div class=\"e-con-inner\">\n\t\t\t\t<div class=\"elementor-element elementor-element-77706d2 wd-width-100 elementor-invisible elementor-widget elementor-widget-wd_title\" data-id=\"77706d2\" data-element_type=\"widget\" data-e-type=\"widget\" data-settings=\"{&quot;_animation&quot;:&quot;fadeInUp&quot;}\" data-widget_type=\"wd_title.default\">\n\t\t\t\t<div class=\"elementor-widget-container\">\n\t\t\t\t\t\t\t<div class=\"title-wrapper wd-set-mb reset-last-child wd-title-color-white wd-title-style-default wd-title-size-default text-center\">\n\n\t\t\t\n\t\t\t<div class=\"liner-continer\">\n\t\t\t\t<h4 class=\"woodmart-title-container title wd-fontsize-l\">Investir dans les id\u00e9es de nouvelle g\u00e9n\u00e9ration<\/h4> \n\t\t\t\t\t\t\t<\/div>\n\n\t\t\t\t\t<\/div>\n\t\t\t\t\t\t<\/div>\n\t\t\t\t<\/div>\n\t\t\t\t\t<\/div>\n\t\t\t\t<\/div>\n\t\t<div class=\"wd-negative-gap elementor-element elementor-element-2e29622 e-flex e-con-boxed elementor-invisible e-con e-parent\" data-id=\"2e29622\" data-element_type=\"container\" data-e-type=\"container\" data-settings=\"{&quot;animation&quot;:&quot;fadeInRight&quot;}\">\n\t\t\t\t\t<div class=\"e-con-inner\">\n\t\t\t\t<div class=\"elementor-element elementor-element-a16eef8 wd-width-100 elementor-widget elementor-widget-wd_title\" data-id=\"a16eef8\" data-element_type=\"widget\" data-e-type=\"widget\" data-widget_type=\"wd_title.default\">\n\t\t\t\t<div class=\"elementor-widget-container\">\n\t\t\t\t\t\t\t<div class=\"title-wrapper wd-set-mb reset-last-child wd-title-color-default wd-title-style-default wd-title-size-default text-left\">\n\n\t\t\t\n\t\t\t<div class=\"liner-continer\">\n\t\t\t\t<h4 class=\"woodmart-title-container title wd-fontsize-l\">La Royale Factory <br \/>\n<\/h4> \n\t\t\t\t\t\t\t<\/div>\n\n\t\t\t\t\t\t\t<div class=\"title-after_title reset-last-child wd-fontsize-xs\">\n\t\t\t\t\t<p>Nous investissons dans l'innovation de demain. Voici un aper\u00e7u des projets \u00e0 venir que nous soutenons dans les domaines de la technologie, de la cybers\u00e9curit\u00e9 et de l'IA. <\/p>\t\t\t\t<\/div>\n\t\t\t\t\t<\/div>\n\t\t\t\t\t\t<\/div>\n\t\t\t\t<\/div>\n\t\t\t\t\t<\/div>\n\t\t\t\t<\/div>\n\t\t<div class=\"wd-negative-gap elementor-element elementor-element-7a97161 e-grid e-con-boxed e-con e-parent\" data-id=\"7a97161\" data-element_type=\"container\" data-e-type=\"container\">\n\t\t\t\t\t<div class=\"e-con-inner\">\n\t\t\t\t<div class=\"elementor-element elementor-element-4ca5809 elementor-widget elementor-widget-wd_infobox\" data-id=\"4ca5809\" data-element_type=\"widget\" data-e-type=\"widget\" data-widget_type=\"wd_infobox.default\">\n\t\t\t\t<div class=\"elementor-widget-container\">\n\t\t\t\t\t\t\t<div class=\"info-box-wrapper\">\n\t\t\t<div class=\"wd-info-box text-center box-icon-align-top box-style-base color-scheme-\">\n\t\t\t\t\t\t\t\t\t<div class=\"box-icon-wrapper  box-with-icon box-icon-simple\">\n\t\t\t\t\t\t<div class=\"info-box-icon\">\n\t\t\t\t\t\t\t\t\t\t\t\t\t\t\t<img decoding=\"async\" width=\"700\" height=\"467\" src=\"https:\/\/laroyale.com\/wp-content\/uploads\/2026\/03\/forum-marketing.jpg\" class=\"attachment-full size-full\" alt=\"\" srcset=\"https:\/\/laroyale.com\/wp-content\/uploads\/2026\/03\/forum-marketing.jpg 700w, https:\/\/laroyale.com\/wp-content\/uploads\/2026\/03\/forum-marketing-300x200.jpg 300w\" sizes=\"(max-width: 700px) 100vw, 700px\" \/>\t\t\t\t\t\t\t\t\t\t\t\t\t<\/div>\n\t\t\t\t\t<\/div>\n\t\t\t\t\n\t\t\t\t<div class=\"info-box-content\">\n\t\t\t\t\t\t\t\t\t\t\t\n\t\t\t\t\t\t<div class=\"info-box-subtitle subtitle-style-background wd-fontsize-xs\"\n\t\t\t\t\t\t\t  data-elementor-setting-key=\"subtitle\">\n\t\t\t\t\t\t\tProchainement\t\t\t\t\t\t<\/div>\n\t\t\t\t\t\n\t\t\t\t\t\t\t\t\t\t\t<h4\t\t\t\t\t\tclass=\"info-box-title title box-title-style-default wd-fontsize-m\" data-elementor-setting-key=\"title\">\n\t\t\t\t\t\t\t\tProjet dans le domaine des technologies du divertissement <br \/>\n\t\t\t\t\t\t<\/h4>\n\t\t\t\t\t\n\t\t\t\t\t<div class=\"info-box-inner reset-last-child\"data-elementor-setting-key=\"content\"><p>Une plateforme interactive en plein essor qui allie technologie, donn\u00e9es et exp\u00e9rience utilisateur simplifi\u00e9e. Les utilisateurs de la plateforme pourront participer \u00e0 des activit\u00e9s communautaires, profiter d'une place de march\u00e9 et acc\u00e9der \u00e0 des contenus de divertissement. <\/p>\n<\/div>\n\n\t\t\t\t\t\t\t\t\t<\/div>\n\n\t\t\t\t\t\t\t<\/div>\n\t\t<\/div>\n\t\t\t\t\t\t<\/div>\n\t\t\t\t<\/div>\n\t\t\t\t<div class=\"elementor-element elementor-element-9b1e449 elementor-widget elementor-widget-wd_infobox\" data-id=\"9b1e449\" data-element_type=\"widget\" data-e-type=\"widget\" data-widget_type=\"wd_infobox.default\">\n\t\t\t\t<div class=\"elementor-widget-container\">\n\t\t\t\t\t\t\t<div class=\"info-box-wrapper\">\n\t\t\t<div class=\"wd-info-box text-center box-icon-align-top box-style-base color-scheme-\">\n\t\t\t\t\t\t\t\t\t<div class=\"box-icon-wrapper  box-with-icon box-icon-simple\">\n\t\t\t\t\t\t<div class=\"info-box-icon\">\n\t\t\t\t\t\t\t\t\t\t\t\t\t\t\t<img decoding=\"async\" width=\"1000\" height=\"667\" src=\"https:\/\/laroyale.com\/wp-content\/uploads\/2026\/03\/6400.jpg\" class=\"attachment-full size-full\" alt=\"\" srcset=\"https:\/\/laroyale.com\/wp-content\/uploads\/2026\/03\/6400.jpg 1000w, https:\/\/laroyale.com\/wp-content\/uploads\/2026\/03\/6400-300x200.jpg 300w, https:\/\/laroyale.com\/wp-content\/uploads\/2026\/03\/6400-768x512.jpg 768w\" sizes=\"(max-width: 1000px) 100vw, 1000px\" \/>\t\t\t\t\t\t\t\t\t\t\t\t\t<\/div>\n\t\t\t\t\t<\/div>\n\t\t\t\t\n\t\t\t\t<div class=\"info-box-content\">\n\t\t\t\t\t\t\t\t\t\t\t\n\t\t\t\t\t\t<div class=\"info-box-subtitle subtitle-style-background wd-fontsize-xs\"\n\t\t\t\t\t\t\t  data-elementor-setting-key=\"subtitle\">\n\t\t\t\t\t\t\tProchainement\t\t\t\t\t\t<\/div>\n\t\t\t\t\t\n\t\t\t\t\t\t\t\t\t\t\t<h4\t\t\t\t\t\tclass=\"info-box-title title box-title-style-default wd-fontsize-m\" data-elementor-setting-key=\"title\">\n\t\t\t\t\t\t\t\tProjet de cybers\u00e9curit\u00e9 et d'intelligence artificielle <br \/>\n\t\t\t\t\t\t<\/h4>\n\t\t\t\t\t\n\t\t\t\t\t<div class=\"info-box-inner reset-last-child\"data-elementor-setting-key=\"content\"><p>Un nouvel \u00e9tablissement sp\u00e9cialis\u00e9 dans la cybers\u00e9curit\u00e9 et l'intelligence artificielle a inaugur\u00e9 son premier campus au troisi\u00e8me trimestre 2025 \u00e0 Strasbourg, en France, et pr\u00e9voit de s'\u00e9tendre \u00e0 l'international, notamment en Asie du Sud-Est, \u00e0 partir de 2026.<\/p>\n<\/div>\n\n\t\t\t\t\t\t\t\t\t<\/div>\n\n\t\t\t\t\t\t\t<\/div>\n\t\t<\/div>\n\t\t\t\t\t\t<\/div>\n\t\t\t\t<\/div>\n\t\t\t\t\t<\/div>\n\t\t\t\t<\/div>\n\t\t\t\t<\/div>\n\t\t","protected":false},"excerpt":{"rendered":"<p>Investir dans les id\u00e9es de nouvelle g\u00e9n\u00e9ration La Royale Factory Nous investissons dans l&rsquo;innovation de demain. Voici un aper\u00e7u des<\/p>\n","protected":false},"author":1,"featured_media":0,"parent":0,"menu_order":0,"comment_status":"closed","ping_status":"closed","template":"","meta":{"footnotes":""},"class_list":["post-3824","page","type-page","status-publish","hentry"],"yoast_head":"<!-- This site is optimized with the Yoast SEO Premium plugin v26.8 (Yoast SEO v26.8) - https:\/\/yoast.com\/product\/yoast-seo-premium-wordpress\/ -->\n<title>La Royale Group - La Royale Factory<\/title>\n<meta name=\"description\" content=\"Prochains projets de La Royale Group : jeux, cybers\u00e9curit\u00e9 et IA. Nouveaut\u00e9s \u00e0 venir.\" \/>\n<meta name=\"robots\" content=\"index, follow, max-snippet:-1, max-image-preview:large, max-video-preview:-1\" \/>\n<link rel=\"canonical\" href=\"https:\/\/laroyale.com\/fr\/la-royale-factory\/\" \/>\n<meta property=\"og:locale\" content=\"fr_FR\" \/>\n<meta property=\"og:type\" content=\"article\" \/>\n<meta property=\"og:title\" content=\"La Royale Factory\" \/>\n<meta property=\"og:description\" content=\"Prochains projets de La Royale Group : jeux, cybers\u00e9curit\u00e9 et IA. Nouveaut\u00e9s \u00e0 venir.\" \/>\n<meta property=\"og:url\" content=\"https:\/\/laroyale.com\/fr\/la-royale-factory\/\" \/>\n<meta property=\"og:site_name\" content=\"La Royale Group\" \/>\n<meta property=\"article:modified_time\" content=\"2026-03-24T06:52:00+00:00\" \/>\n<meta property=\"og:image\" content=\"https:\/\/laroyale.com\/wp-content\/uploads\/2026\/03\/forum-marketing.jpg\" \/>\n<meta name=\"twitter:card\" content=\"summary_large_image\" \/>\n<meta name=\"twitter:label1\" content=\"Dur\u00e9e de lecture estim\u00e9e\" \/>\n\t<meta name=\"twitter:data1\" content=\"1 minute\" \/>\n<script type=\"application\/ld+json\" class=\"yoast-schema-graph\">{\"@context\":\"https:\/\/schema.org\",\"@graph\":[{\"@type\":\"WebPage\",\"@id\":\"https:\/\/laroyale.com\/fr\/la-royale-factory\/\",\"url\":\"https:\/\/laroyale.com\/fr\/la-royale-factory\/\",\"name\":\"La Royale Group - La Royale Factory\",\"isPartOf\":{\"@id\":\"https:\/\/laroyale.com\/fr\/#website\"},\"primaryImageOfPage\":{\"@id\":\"https:\/\/laroyale.com\/fr\/la-royale-factory\/#primaryimage\"},\"image\":{\"@id\":\"https:\/\/laroyale.com\/fr\/la-royale-factory\/#primaryimage\"},\"thumbnailUrl\":\"https:\/\/laroyale.com\/wp-content\/uploads\/2026\/03\/forum-marketing.jpg\",\"datePublished\":\"2025-04-22T04:18:21+00:00\",\"dateModified\":\"2026-03-24T06:52:00+00:00\",\"description\":\"Prochains projets de La Royale Group : jeux, cybers\u00e9curit\u00e9 et IA. Nouveaut\u00e9s \u00e0 venir.\",\"breadcrumb\":{\"@id\":\"https:\/\/laroyale.com\/fr\/la-royale-factory\/#breadcrumb\"},\"inLanguage\":\"fr-FR\",\"potentialAction\":[{\"@type\":\"ReadAction\",\"target\":[\"https:\/\/laroyale.com\/fr\/la-royale-factory\/\"]}]},{\"@type\":\"ImageObject\",\"inLanguage\":\"fr-FR\",\"@id\":\"https:\/\/laroyale.com\/fr\/la-royale-factory\/#primaryimage\",\"url\":\"https:\/\/laroyale.com\/wp-content\/uploads\/2026\/03\/forum-marketing.jpg\",\"contentUrl\":\"https:\/\/laroyale.com\/wp-content\/uploads\/2026\/03\/forum-marketing.jpg\"},{\"@type\":\"BreadcrumbList\",\"@id\":\"https:\/\/laroyale.com\/fr\/la-royale-factory\/#breadcrumb\",\"itemListElement\":[{\"@type\":\"ListItem\",\"position\":1,\"name\":\"Home\",\"item\":\"https:\/\/laroyale.com\/fr\/maison\/\"},{\"@type\":\"ListItem\",\"position\":2,\"name\":\"La Royale Factory\"}]},{\"@type\":\"WebSite\",\"@id\":\"https:\/\/laroyale.com\/fr\/#website\",\"url\":\"https:\/\/laroyale.com\/fr\/\",\"name\":\"La Royale Group\",\"description\":\"Propulser la croissance pour l'avenir\",\"publisher\":{\"@id\":\"https:\/\/laroyale.com\/fr\/#organization\"},\"potentialAction\":[{\"@type\":\"SearchAction\",\"target\":{\"@type\":\"EntryPoint\",\"urlTemplate\":\"https:\/\/laroyale.com\/fr\/?s={search_term_string}\"},\"query-input\":{\"@type\":\"PropertyValueSpecification\",\"valueRequired\":true,\"valueName\":\"search_term_string\"}}],\"inLanguage\":\"fr-FR\"},{\"@type\":\"Organization\",\"@id\":\"https:\/\/laroyale.com\/fr\/#organization\",\"name\":\"La Royale Group\",\"url\":\"https:\/\/laroyale.com\/fr\/\",\"logo\":{\"@type\":\"ImageObject\",\"inLanguage\":\"fr-FR\",\"@id\":\"https:\/\/laroyale.com\/fr\/#\/schema\/logo\/image\/\",\"url\":\"https:\/\/laroyale.com\/wp-content\/uploads\/2025\/07\/LRG-logo-white-square-2.webp\",\"contentUrl\":\"https:\/\/laroyale.com\/wp-content\/uploads\/2025\/07\/LRG-logo-white-square-2.webp\",\"width\":1000,\"height\":1000,\"caption\":\"La Royale Group\"},\"image\":{\"@id\":\"https:\/\/laroyale.com\/fr\/#\/schema\/logo\/image\/\"},\"sameAs\":[\"https:\/\/mt.linkedin.com\/company\/la-royale-group\"]}]}<\/script>\n<!-- \/ Yoast SEO Premium plugin. -->","yoast_head_json":{"title":"La Royale Group - La Royale Factory","description":"Prochains projets de La Royale Group : jeux, cybers\u00e9curit\u00e9 et IA. Nouveaut\u00e9s \u00e0 venir.","robots":{"index":"index","follow":"follow","max-snippet":"max-snippet:-1","max-image-preview":"max-image-preview:large","max-video-preview":"max-video-preview:-1"},"canonical":"https:\/\/laroyale.com\/fr\/la-royale-factory\/","og_locale":"fr_FR","og_type":"article","og_title":"La Royale Factory","og_description":"Prochains projets de La Royale Group : jeux, cybers\u00e9curit\u00e9 et IA. Nouveaut\u00e9s \u00e0 venir.","og_url":"https:\/\/laroyale.com\/fr\/la-royale-factory\/","og_site_name":"La Royale Group","article_modified_time":"2026-03-24T06:52:00+00:00","og_image":[{"url":"https:\/\/laroyale.com\/wp-content\/uploads\/2026\/03\/forum-marketing.jpg","type":"","width":"","height":""}],"twitter_card":"summary_large_image","twitter_misc":{"Dur\u00e9e de lecture estim\u00e9e":"1 minute"},"schema":{"@context":"https:\/\/schema.org","@graph":[{"@type":"WebPage","@id":"https:\/\/laroyale.com\/fr\/la-royale-factory\/","url":"https:\/\/laroyale.com\/fr\/la-royale-factory\/","name":"La Royale Group - La Royale Factory","isPartOf":{"@id":"https:\/\/laroyale.com\/fr\/#website"},"primaryImageOfPage":{"@id":"https:\/\/laroyale.com\/fr\/la-royale-factory\/#primaryimage"},"image":{"@id":"https:\/\/laroyale.com\/fr\/la-royale-factory\/#primaryimage"},"thumbnailUrl":"https:\/\/laroyale.com\/wp-content\/uploads\/2026\/03\/forum-marketing.jpg","datePublished":"2025-04-22T04:18:21+00:00","dateModified":"2026-03-24T06:52:00+00:00","description":"Prochains projets de La Royale Group : jeux, cybers\u00e9curit\u00e9 et IA. Nouveaut\u00e9s \u00e0 venir.","breadcrumb":{"@id":"https:\/\/laroyale.com\/fr\/la-royale-factory\/#breadcrumb"},"inLanguage":"fr-FR","potentialAction":[{"@type":"ReadAction","target":["https:\/\/laroyale.com\/fr\/la-royale-factory\/"]}]},{"@type":"ImageObject","inLanguage":"fr-FR","@id":"https:\/\/laroyale.com\/fr\/la-royale-factory\/#primaryimage","url":"https:\/\/laroyale.com\/wp-content\/uploads\/2026\/03\/forum-marketing.jpg","contentUrl":"https:\/\/laroyale.com\/wp-content\/uploads\/2026\/03\/forum-marketing.jpg"},{"@type":"BreadcrumbList","@id":"https:\/\/laroyale.com\/fr\/la-royale-factory\/#breadcrumb","itemListElement":[{"@type":"ListItem","position":1,"name":"Home","item":"https:\/\/laroyale.com\/fr\/maison\/"},{"@type":"ListItem","position":2,"name":"La Royale Factory"}]},{"@type":"WebSite","@id":"https:\/\/laroyale.com\/fr\/#website","url":"https:\/\/laroyale.com\/fr\/","name":"La Royale Group","description":"Propulser la croissance pour l'avenir","publisher":{"@id":"https:\/\/laroyale.com\/fr\/#organization"},"potentialAction":[{"@type":"SearchAction","target":{"@type":"EntryPoint","urlTemplate":"https:\/\/laroyale.com\/fr\/?s={search_term_string}"},"query-input":{"@type":"PropertyValueSpecification","valueRequired":true,"valueName":"search_term_string"}}],"inLanguage":"fr-FR"},{"@type":"Organization","@id":"https:\/\/laroyale.com\/fr\/#organization","name":"La Royale Group","url":"https:\/\/laroyale.com\/fr\/","logo":{"@type":"ImageObject","inLanguage":"fr-FR","@id":"https:\/\/laroyale.com\/fr\/#\/schema\/logo\/image\/","url":"https:\/\/laroyale.com\/wp-content\/uploads\/2025\/07\/LRG-logo-white-square-2.webp","contentUrl":"https:\/\/laroyale.com\/wp-content\/uploads\/2025\/07\/LRG-logo-white-square-2.webp","width":1000,"height":1000,"caption":"La Royale Group"},"image":{"@id":"https:\/\/laroyale.com\/fr\/#\/schema\/logo\/image\/"},"sameAs":["https:\/\/mt.linkedin.com\/company\/la-royale-group"]}]}},"_links":{"self":[{"href":"https:\/\/laroyale.com\/fr\/wp-json\/wp\/v2\/pages\/3824","targetHints":{"allow":["GET"]}}],"collection":[{"href":"https:\/\/laroyale.com\/fr\/wp-json\/wp\/v2\/pages"}],"about":[{"href":"https:\/\/laroyale.com\/fr\/wp-json\/wp\/v2\/types\/page"}],"author":[{"embeddable":true,"href":"https:\/\/laroyale.com\/fr\/wp-json\/wp\/v2\/users\/1"}],"replies":[{"embeddable":true,"href":"https:\/\/laroyale.com\/fr\/wp-json\/wp\/v2\/comments?post=3824"}],"version-history":[{"count":3,"href":"https:\/\/laroyale.com\/fr\/wp-json\/wp\/v2\/pages\/3824\/revisions"}],"predecessor-version":[{"id":106136,"href":"https:\/\/laroyale.com\/fr\/wp-json\/wp\/v2\/pages\/3824\/revisions\/106136"}],"wp:attachment":[{"href":"https:\/\/laroyale.com\/fr\/wp-json\/wp\/v2\/media?parent=3824"}],"curies":[{"name":"wp","href":"https:\/\/api.w.org\/{rel}","templated":true}]}}